{"id":1309,"date":"2021-12-30T14:05:15","date_gmt":"2021-12-30T14:05:15","guid":{"rendered":"https:\/\/ikraa-dis.com\/?page_id=1309"},"modified":"2022-01-02T15:12:14","modified_gmt":"2022-01-02T15:12:14","slug":"suriye-ekmegi","status":"publish","type":"page","link":"https:\/\/ikraa-dis.com\/ar\/suriye-ekmegi\/","title":{"rendered":"\u0627\u0644\u062e\u0628\u0632 \u0627\u0644\u0633\u0648\u0631\u064a"},"content":{"rendered":"<div data-elementor-type=\"wp-page\" data-elementor-id=\"1309\" class=\"elementor elementor-1309\">\n\t\t\t\t\t\t\t\t\t<section class=\"elementor-section elementor-top-section elementor-element elementor-element-d858318 elementor-section-full_width elementor-section-height-default elementor-section-height-default\" data-id=\"d858318\" data-element_type=\"section\">\n\t\t\t\t\t\t<div class=\"elementor-container elementor-column-gap-no\">\n\t\t\t\t\t<div class=\"elementor-column elementor-col-100 elementor-top-column elementor-element elementor-element-b3601f0\" data-id=\"b3601f0\" data-element_type=\"column\">\n\t\t\t<div class=\"elementor-widget-wrap elementor-element-populated\">\n\t\t\t\t\t\t\t\t<div class=\"elementor-element elementor-element-ad46daf elementor-widget elementor-widget-arcdeco-hero-slider\" data-id=\"ad46daf\" data-element_type=\"widget\" data-widget_type=\"arcdeco-hero-slider.default\">\n\t\t\t\t<div class=\"elementor-widget-container\">\n\t\t\t\n\t\t<!-- Slider -->\n\t    <main class=\"hero slider js-scroll\">\n\t\t\t<div class=\"slider__caption swiper-container\">\n\t            <div class=\"swiper-wrapper\">\n\t\t\t\t    \t\t\t\t    \t\t\t\t    <!-- Caption -->\n\t\t\t\t    <div class=\"swiper-slide\">\n\t\t\t\t\t\t<div class=\"slider__content\" data-swiper-parallax=\"-200\" data-swiper-parallax-opacity=\"0\">\n\t\t\t\t\t\t    \t\t\t\t\t\t    <a href=\"#\">\n\t\t\t\t\t\t\t\t\t\t\t\t\t    \t\t\t\t\t\t\t\t    <h1 class=\"title title--display-1 title--separation\">\n\t\t\t\t\t\t\t    \t<span >\n\t\t\t\t\t\t    \t\t\t\u0627\u0644\u062e\u0628\u0632 \u0627\u0644\u0633\u0648\u0631\u064a\t\t\t\t\t\t    \t\t<\/span>\n\t\t\t\t\t\t\t    <\/h1>\n\t\t\t\t\t\t\t\t\t\t\t\t\t\t\t\t\t\t\t\t\t\t\t    <p class=\"description\">\n\t\t\t\t\t\t\t    \t<span >\n\t\t\t\t\t\t    \t\t\t\u0625\u0646 \u062e\u0637 \u0627\u0646\u062a\u0627\u062c \u0627\u0644\u062e\u0628\u0632 \u0627\u0644\u0633\u0648\u0631\u064a \u0647\u0648 \u062e\u0637 \u0627\u0646\u062a\u0627\u062c \u0622\u0644\u064a \u0628\u0627\u0644\u0643\u0627\u0645\u0644\u060c \u0645\u0646 \u062e\u0644\u0637 \u0627\u0644\u0645\u0643\u0648\u0646\u0627\u062a \u0625\u0644\u0649 \u062a\u0628\u0631\u064a\u062f \u0627\u0644\u062e\u0628\u0632 \u0639\u0628\u0631 \u0639\u062f\u0651\u0629 \u0645\u0627\u0643\u064a\u0646\u0627\u062a \u0645\u062a\u062a\u0627\u0644\u064a\u0629 \u0648\u064a\u062a\u0645 \u062a\u0635\u0646\u064a\u0639\u0647 \u0636\u0645\u0646 \u0627\u0644\u0645\u0648\u0627\u0635\u0641\u0627\u062a \u0627\u0644\u0639\u0627\u0644\u0645\u064a\u0629 \u0639\u0646 \u0637\u0631\u064a\u0642 \u0645\u062e\u0628\u0632\u064a\u0646 \u0622\u0644\u064a\u064a\u0646 \u064a\u062d\u062a\u0648\u064a\u0627\u0646 \u0639\u0644\u0649 \u0623\u062d\u062f\u062b \u0627\u0644\u0645\u0639\u062f\u0627\u062a \u0648\u0627\u0644\u0645\u0627\u0643\u064a\u0646\u0627\u062a \u0648\u0627\u0644\u062a\u062c\u0647\u064a\u0632\u0627\u062a \u0648\u0627\u0644\u064a\u062f \u0627\u0644\u0639\u0627\u0645\u0644\u0629 \u0627\u0644\u062e\u0628\u064a\u0631\u0629.\t\t\t\t\t\t    \t\t<\/span>\n\t\t\t\t\t\t\t    <\/p>\n\t\t\t\t\t\t\t    \t\t\t\t\t\t\t\t\t\t\t\t\t\t<\/a>\n\t\t\t\t\t\t\t\t\t\t\t\t\t<\/div>\n\t\t\t\t\t<\/div>\n\t\t\t\t    <!-- \/Caption -->\n\t\t\t\t    \t\t\t\t    <!-- Caption -->\n\t\t\t\t    <div class=\"swiper-slide\">\n\t\t\t\t\t\t<div class=\"slider__content\" data-swiper-parallax=\"-200\" data-swiper-parallax-opacity=\"0\">\n\t\t\t\t\t\t    \t\t\t\t\t\t    <a href=\"#\">\n\t\t\t\t\t\t\t\t\t\t\t\t\t    \t\t\t\t\t\t\t\t    <h1 class=\"title title--display-1 title--separation\">\n\t\t\t\t\t\t\t    \t<span >\n\t\t\t\t\t\t    \t\t\t\u0627\u0644\u062e\u0628\u0632 \u0627\u0644\u0633\u0648\u0631\u064a\t\t\t\t\t\t    \t\t<\/span>\n\t\t\t\t\t\t\t    <\/h1>\n\t\t\t\t\t\t\t\t\t\t\t\t\t\t\t\t\t\t\t\t\t\t\t    <p class=\"description\">\n\t\t\t\t\t\t\t    \t<span >\n\t\t\t\t\t\t    \t\t\t\u0625\u0646 \u062e\u0637 \u0627\u0646\u062a\u0627\u062c \u0627\u0644\u062e\u0628\u0632 \u0627\u0644\u0633\u0648\u0631\u064a \u0647\u0648 \u062e\u0637 \u0627\u0646\u062a\u0627\u062c \u0622\u0644\u064a \u0628\u0627\u0644\u0643\u0627\u0645\u0644\u060c \u0645\u0646 \u062e\u0644\u0637 \u0627\u0644\u0645\u0643\u0648\u0646\u0627\u062a \u0625\u0644\u0649 \u062a\u0628\u0631\u064a\u062f \u0627\u0644\u062e\u0628\u0632 \u0639\u0628\u0631 \u0639\u062f\u0651\u0629 \u0645\u0627\u0643\u064a\u0646\u0627\u062a \u0645\u062a\u062a\u0627\u0644\u064a\u0629 \u0648\u064a\u062a\u0645 \u062a\u0635\u0646\u064a\u0639\u0647 \u0636\u0645\u0646 \u0627\u0644\u0645\u0648\u0627\u0635\u0641\u0627\u062a \u0627\u0644\u0639\u0627\u0644\u0645\u064a\u0629 \u0639\u0646 \u0637\u0631\u064a\u0642 \u0645\u062e\u0628\u0632\u064a\u0646 \u0622\u0644\u064a\u064a\u0646 \u064a\u062d\u062a\u0648\u064a\u0627\u0646 \u0639\u0644\u0649 \u0623\u062d\u062f\u062b \u0627\u0644\u0645\u0639\u062f\u0627\u062a \u0648\u0627\u0644\u0645\u0627\u0643\u064a\u0646\u0627\u062a \u0648\u0627\u0644\u062a\u062c\u0647\u064a\u0632\u0627\u062a \u0648\u0627\u0644\u064a\u062f \u0627\u0644\u0639\u0627\u0645\u0644\u0629 \u0627\u0644\u062e\u0628\u064a\u0631\u0629.\t\t\t\t\t\t    \t\t<\/span>\n\t\t\t\t\t\t\t    <\/p>\n\t\t\t\t\t\t\t    \t\t\t\t\t\t\t\t\t\t\t\t\t\t<\/a>\n\t\t\t\t\t\t\t\t\t\t\t\t\t<\/div>\n\t\t\t\t\t<\/div>\n\t\t\t\t    <!-- \/Caption -->\n\t\t\t\t    \t\t\t\t    <!-- Caption -->\n\t\t\t\t    <div class=\"swiper-slide\">\n\t\t\t\t\t\t<div class=\"slider__content\" data-swiper-parallax=\"-200\" data-swiper-parallax-opacity=\"0\">\n\t\t\t\t\t\t    \t\t\t\t\t\t    <a href=\"#\">\n\t\t\t\t\t\t\t\t\t\t\t\t\t    \t\t\t\t\t\t\t\t    <h1 class=\"title title--display-1 title--separation\">\n\t\t\t\t\t\t\t    \t<span >\n\t\t\t\t\t\t    \t\t\t\u0627\u0644\u062e\u0628\u0632 \u0627\u0644\u0633\u0648\u0631\u064a\t\t\t\t\t\t    \t\t<\/span>\n\t\t\t\t\t\t\t    <\/h1>\n\t\t\t\t\t\t\t\t\t\t\t\t\t\t\t\t\t\t\t\t\t\t\t    <p class=\"description\">\n\t\t\t\t\t\t\t    \t<span >\n\t\t\t\t\t\t    \t\t\t\u0625\u0646 \u062e\u0637 \u0627\u0646\u062a\u0627\u062c \u0627\u0644\u062e\u0628\u0632 \u0627\u0644\u0633\u0648\u0631\u064a \u0647\u0648 \u062e\u0637 \u0627\u0646\u062a\u0627\u062c \u0622\u0644\u064a \u0628\u0627\u0644\u0643\u0627\u0645\u0644\u060c \u0645\u0646 \u062e\u0644\u0637 \u0627\u0644\u0645\u0643\u0648\u0646\u0627\u062a \u0625\u0644\u0649 \u062a\u0628\u0631\u064a\u062f \u0627\u0644\u062e\u0628\u0632 \u0639\u0628\u0631 \u0639\u062f\u0651\u0629 \u0645\u0627\u0643\u064a\u0646\u0627\u062a \u0645\u062a\u062a\u0627\u0644\u064a\u0629 \u0648\u064a\u062a\u0645 \u062a\u0635\u0646\u064a\u0639\u0647 \u0636\u0645\u0646 \u0627\u0644\u0645\u0648\u0627\u0635\u0641\u0627\u062a \u0627\u0644\u0639\u0627\u0644\u0645\u064a\u0629 \u0639\u0646 \u0637\u0631\u064a\u0642 \u0645\u062e\u0628\u0632\u064a\u0646 \u0622\u0644\u064a\u064a\u0646 \u064a\u062d\u062a\u0648\u064a\u0627\u0646 \u0639\u0644\u0649 \u0623\u062d\u062f\u062b \u0627\u0644\u0645\u0639\u062f\u0627\u062a \u0648\u0627\u0644\u0645\u0627\u0643\u064a\u0646\u0627\u062a \u0648\u0627\u0644\u062a\u062c\u0647\u064a\u0632\u0627\u062a \u0648\u0627\u0644\u064a\u062f \u0627\u0644\u0639\u0627\u0645\u0644\u0629 \u0627\u0644\u062e\u0628\u064a\u0631\u0629.\t\t\t\t\t\t    \t\t<\/span>\n\t\t\t\t\t\t\t    <\/p>\n\t\t\t\t\t\t\t    \t\t\t\t\t\t\t\t\t\t\t\t\t\t<\/a>\n\t\t\t\t\t\t\t\t\t\t\t\t\t<\/div>\n\t\t\t\t\t<\/div>\n\t\t\t\t    <!-- \/Caption -->\n\t\t\t\t    \t\t\t\t    <!-- Caption -->\n\t\t\t\t    <div class=\"swiper-slide\">\n\t\t\t\t\t\t<div class=\"slider__content\" data-swiper-parallax=\"-200\" data-swiper-parallax-opacity=\"0\">\n\t\t\t\t\t\t    \t\t\t\t\t\t    <a href=\"#\">\n\t\t\t\t\t\t\t\t\t\t\t\t\t    \t\t\t\t\t\t\t\t    <h1 class=\"title title--display-1 title--separation\">\n\t\t\t\t\t\t\t    \t<span >\n\t\t\t\t\t\t    \t\t\t\u0627\u0644\u062e\u0628\u0632 \u0627\u0644\u0633\u0648\u0631\u064a\t\t\t\t\t\t    \t\t<\/span>\n\t\t\t\t\t\t\t    <\/h1>\n\t\t\t\t\t\t\t\t\t\t\t\t\t\t\t\t\t\t\t\t\t\t\t    <p class=\"description\">\n\t\t\t\t\t\t\t    \t<span >\n\t\t\t\t\t\t    \t\t\t\u0625\u0646 \u062e\u0637 \u0627\u0646\u062a\u0627\u062c \u0627\u0644\u062e\u0628\u0632 \u0627\u0644\u0633\u0648\u0631\u064a \u0647\u0648 \u062e\u0637 \u0627\u0646\u062a\u0627\u062c \u0622\u0644\u064a \u0628\u0627\u0644\u0643\u0627\u0645\u0644\u060c \u0645\u0646 \u062e\u0644\u0637 \u0627\u0644\u0645\u0643\u0648\u0646\u0627\u062a \u0625\u0644\u0649 \u062a\u0628\u0631\u064a\u062f \u0627\u0644\u062e\u0628\u0632 \u0639\u0628\u0631 \u0639\u062f\u0651\u0629 \u0645\u0627\u0643\u064a\u0646\u0627\u062a \u0645\u062a\u062a\u0627\u0644\u064a\u0629 \u0648\u064a\u062a\u0645 \u062a\u0635\u0646\u064a\u0639\u0647 \u0636\u0645\u0646 \u0627\u0644\u0645\u0648\u0627\u0635\u0641\u0627\u062a \u0627\u0644\u0639\u0627\u0644\u0645\u064a\u0629 \u0639\u0646 \u0637\u0631\u064a\u0642 \u0645\u062e\u0628\u0632\u064a\u0646 \u0622\u0644\u064a\u064a\u0646 \u064a\u062d\u062a\u0648\u064a\u0627\u0646 \u0639\u0644\u0649 \u0623\u062d\u062f\u062b \u0627\u0644\u0645\u0639\u062f\u0627\u062a \u0648\u0627\u0644\u0645\u0627\u0643\u064a\u0646\u0627\u062a \u0648\u0627\u0644\u062a\u062c\u0647\u064a\u0632\u0627\u062a \u0648\u0627\u0644\u064a\u062f \u0627\u0644\u0639\u0627\u0645\u0644\u0629 \u0627\u0644\u062e\u0628\u064a\u0631\u0629.\t\t\t\t\t\t    \t\t<\/span>\n\t\t\t\t\t\t\t    <\/p>\n\t\t\t\t\t\t\t    \t\t\t\t\t\t\t\t\t\t\t\t\t\t<\/a>\n\t\t\t\t\t\t\t\t\t\t\t\t\t<\/div>\n\t\t\t\t\t<\/div>\n\t\t\t\t    <!-- \/Caption -->\n\t\t\t\t    \t\t\t\t    \t\t\t    <\/div>\n\t\t\t<\/div>\t\n\t\t\t\n\t\t\t<div class=\"slider__image swiper-container overlay--45\" data-swiper-delay=\"4500\" data-swiper-autoplay=\"1\">\n\t            <div class=\"swiper-wrapper\">\n\t\t\t\t    \t\t\t\t    \t\t\t\t    <!-- Image -->\n\t\t\t\t    <div class=\"swiper-slide\">\n\t\t\t\t\t\t<div class=\"scaleCover\"><div class=\"cover-slider js-image\" data-image=\"https:\/\/ikraa-dis.com\/wp-content\/uploads\/2021\/12\/Suriye-Ekmegi.jpg\"><\/div><\/div>\n\t\t\t\t\t<\/div>\n\t\t\t\t    <!-- \/Image -->\n\t\t\t\t\t\t\t\t\t    \t\t\t\t    <!-- Image -->\n\t\t\t\t    <div class=\"swiper-slide\">\n\t\t\t\t\t\t<div class=\"scaleCover\"><div class=\"cover-slider js-image\" data-image=\"https:\/\/ikraa-dis.com\/wp-content\/uploads\/2021\/12\/Suriye-Ekmegi1.jpg\"><\/div><\/div>\n\t\t\t\t\t<\/div>\n\t\t\t\t    <!-- \/Image -->\n\t\t\t\t\t\t\t\t\t    \t\t\t\t    <!-- Image -->\n\t\t\t\t    <div class=\"swiper-slide\">\n\t\t\t\t\t\t<div class=\"scaleCover\"><div class=\"cover-slider js-image\" data-image=\"https:\/\/ikraa-dis.com\/wp-content\/uploads\/2021\/12\/Suriye-Ekmegi2.jpg\"><\/div><\/div>\n\t\t\t\t\t<\/div>\n\t\t\t\t    <!-- \/Image -->\n\t\t\t\t\t\t\t\t\t    \t\t\t\t    <!-- Image -->\n\t\t\t\t    <div class=\"swiper-slide\">\n\t\t\t\t\t\t<div class=\"scaleCover\"><div class=\"cover-slider js-image\" data-image=\"https:\/\/ikraa-dis.com\/wp-content\/uploads\/2021\/12\/Suriye-Ekmegi3.jpg\"><\/div><\/div>\n\t\t\t\t\t<\/div>\n\t\t\t\t    <!-- \/Image -->\n\t\t\t\t\t\t\t\t\t    \t\t\t\t    \t\t\t    <\/div>\n\t\t\t<\/div>\n\t\t\t\t\n\t\t\t<!-- Navigation buttons -->\n\t\t\t<div class=\"slider-navigation\">\n\t            <div class=\"slider-prev zoom-cursor magnetic\">\n\t\t\t\t\t<svg width=\"15\" height=\"25\" viewbox=\"0 0 15 25\" fill=\"none\" xmlns=\"http:\/\/www.w3.org\/2000\/svg\">\n\t                    <path fill-rule=\"evenodd\" clip-rule=\"evenodd\" d=\"M14.5001 1.95233L12.5413 0L0 12.5L12.5413 25L14.374 23.1732L3.79156 12.6256L14.5001 1.95233Z\" fill=\"#C4C4C4\"\/>\n\t                <\/svg>\n\t\t\t\t<\/div>\n\t            <div class=\"slider-next zoom-cursor magnetic\">\n\t\t\t\t\t<svg width=\"15\" height=\"25\" viewbox=\"0 0 15 25\" fill=\"none\" xmlns=\"http:\/\/www.w3.org\/2000\/svg\">\n\t                    <path fill-rule=\"evenodd\" clip-rule=\"evenodd\" d=\"M0.125977 1.827L10.708 12.3744L0 23.0474L1.95898 25L14.5 12.5L1.95898 0L0.125977 1.827Z\" fill=\"#C4C4C4\"\/>\n\t                <\/svg>\n\t\t\t\t<\/div>\n\t\t\t<\/div>\n\t\t\n\t\t\t<!-- Control -->\n\t\t\t<div class=\"slider__control\">\n\t\t\t\t<div class=\"slider-pagination-progressbar\"><\/div>\n\t\t\t\t<div class=\"slider-pagination-fraction\"><\/div>\n\t\t\t<\/div>\n\t\t\t\n\t\t\t\t\t\t<!-- Social -->\n\t\t\t<div class=\"social social-floating\">\n\t\t\t\t\t\t        <a class=\"social__link magnetic\" href=\"https:\/\/www.instagram.com\/ikraa.dis\/\"><i class=\"fa fa-instagram\"><\/i><\/a>\n\t\t    \t\t\t        <a class=\"social__link magnetic\" href=\"https:\/\/www.facebook.com\/IKRAA-104393635460088\/\"><i class=\"fa fa-facebook\"><\/i><\/a>\n\t\t    \t\t\t    <\/div>\n\t\t    \t    <\/main>\n\t    <!-- \/Slider -->\n\t    \n\t\t\t\t<\/div>\n\t\t\t\t<\/div>\n\t\t\t\t\t<\/div>\n\t\t<\/div>\n\t\t\t\t\t\t\t<\/div>\n\t\t<\/section>\n\t\t\t\t\t\t\t<\/div>","protected":false},"excerpt":{"rendered":"<p>Suriye Ekme\u011fi Suriye ekmek \u00fcretim hatt\u0131, malzemelerin kar\u0131\u015ft\u0131r\u0131lmas\u0131ndan birbirini takip eden birka\u00e7 makine arac\u0131l\u0131\u011f\u0131yla ekme\u011fin so\u011futulmas\u0131na kadar tam otomatik bir \u00fcretim hatt\u0131d\u0131r ve en yeni ekipman, makineler, demirba\u015flar ve uzman i\u015fg\u00fcc\u00fc i\u00e7eren iki otomatik f\u0131r\u0131n arac\u0131l\u0131\u011f\u0131yla uluslararas\u0131 standartlarda \u00fcretilmektedir. Suriye Ekme\u011fi Suriye ekmek \u00fcretim&#8230; <\/p>\n<div><a href=\"https:\/\/ikraa-dis.com\/ar\/suriye-ekmegi\/\" class=\"btn-link\" data-no-translation=\"\" data-trp-gettext=\"\">READ MORE<\/a><\/div>","protected":false},"author":1,"featured_media":0,"parent":0,"menu_order":0,"comment_status":"closed","ping_status":"closed","template":"elementor_header_footer","meta":{"footnotes":""},"class_list":["post-1309","page","type-page","status-publish","hentry"],"yoast_head":"<!-- This site is optimized with the Yoast SEO plugin v19.13 - https:\/\/yoast.com\/wordpress\/plugins\/seo\/ -->\n<title>\u0130kraa D\u0131\u015f Ticaret<\/title>\n<meta name=\"description\" content=\"Ticaret, \u00dcretim, \u0130thalat, \u0130hracat, Transit Ticaret, Dahilde \u0130\u015fleme gibi pek \u00e7ok faaliyetimiz bulunmaktad\u0131r.\" \/>\n<meta name=\"robots\" content=\"index, follow, max-snippet:-1, max-image-preview:large, max-video-preview:-1\" \/>\n<link rel=\"canonical\" href=\"https:\/\/ikraa-dis.com\/ar\/suriye-ekmegi\/\" \/>\n<meta property=\"og:locale\" content=\"ar_AR\" \/>\n<meta property=\"og:type\" content=\"article\" \/>\n<meta property=\"og:title\" content=\"\u0130kraa D\u0131\u015f Ticaret\" \/>\n<meta property=\"og:description\" content=\"Ticaret, \u00dcretim, \u0130thalat, \u0130hracat, Transit Ticaret, Dahilde \u0130\u015fleme gibi pek \u00e7ok faaliyetimiz bulunmaktad\u0131r.\" \/>\n<meta property=\"og:url\" content=\"https:\/\/ikraa-dis.com\/ar\/suriye-ekmegi\/\" \/>\n<meta property=\"og:site_name\" content=\"\u0130kraa D\u0131\u015f Ticaret\" \/>\n<meta property=\"article:publisher\" content=\"https:\/\/www.facebook.com\/IKRAA-104393635460088\/\" \/>\n<meta property=\"article:modified_time\" content=\"2022-01-02T15:12:14+00:00\" \/>\n<meta property=\"og:image\" content=\"https:\/\/ikraa-dis.com\/wp-content\/uploads\/2021\/12\/ikraa-logo-1.png\" \/>\n\t<meta property=\"og:image:width\" content=\"2318\" \/>\n\t<meta property=\"og:image:height\" content=\"3843\" \/>\n\t<meta property=\"og:image:type\" content=\"image\/png\" \/>\n<meta name=\"twitter:card\" content=\"summary_large_image\" \/>\n<meta name=\"twitter:label1\" content=\"\u0648\u0642\u062a \u0627\u0644\u0642\u0631\u0627\u0621\u0629 \u0627\u0644\u0645\u064f\u0642\u062f\u0651\u0631\" \/>\n\t<meta name=\"twitter:data1\" content=\"\u062f\u0642\u064a\u0642\u0629 \u0648\u0627\u062d\u062f\u0629\" \/>\n<script type=\"application\/ld+json\" class=\"yoast-schema-graph\">{\"@context\":\"https:\/\/schema.org\",\"@graph\":[{\"@type\":\"WebPage\",\"@id\":\"https:\/\/ikraa-dis.com\/suriye-ekmegi\/\",\"url\":\"https:\/\/ikraa-dis.com\/suriye-ekmegi\/\",\"name\":\"\u0130kraa D\u0131\u015f Ticaret\",\"isPartOf\":{\"@id\":\"https:\/\/ikraa-dis.com\/#website\"},\"datePublished\":\"2021-12-30T14:05:15+00:00\",\"dateModified\":\"2022-01-02T15:12:14+00:00\",\"description\":\"Ticaret, \u00dcretim, \u0130thalat, \u0130hracat, Transit Ticaret, Dahilde \u0130\u015fleme gibi pek \u00e7ok faaliyetimiz bulunmaktad\u0131r.\",\"breadcrumb\":{\"@id\":\"https:\/\/ikraa-dis.com\/suriye-ekmegi\/#breadcrumb\"},\"inLanguage\":\"ar\",\"potentialAction\":[{\"@type\":\"ReadAction\",\"target\":[\"https:\/\/ikraa-dis.com\/suriye-ekmegi\/\"]}]},{\"@type\":\"BreadcrumbList\",\"@id\":\"https:\/\/ikraa-dis.com\/suriye-ekmegi\/#breadcrumb\",\"itemListElement\":[{\"@type\":\"ListItem\",\"position\":1,\"name\":\"Home\",\"item\":\"https:\/\/ikraa-dis.com\/\"},{\"@type\":\"ListItem\",\"position\":2,\"name\":\"Suriye Ekme\u011fi\"}]},{\"@type\":\"WebSite\",\"@id\":\"https:\/\/ikraa-dis.com\/#website\",\"url\":\"https:\/\/ikraa-dis.com\/\",\"name\":\"\u0130kraa D\u0131\u015f Ticaret\",\"description\":\"\",\"publisher\":{\"@id\":\"https:\/\/ikraa-dis.com\/#organization\"},\"potentialAction\":[{\"@type\":\"SearchAction\",\"target\":{\"@type\":\"EntryPoint\",\"urlTemplate\":\"https:\/\/ikraa-dis.com\/?s={search_term_string}\"},\"query-input\":\"required name=search_term_string\"}],\"inLanguage\":\"ar\"},{\"@type\":\"Organization\",\"@id\":\"https:\/\/ikraa-dis.com\/#organization\",\"name\":\"\u0130kraa D\u0131\u015f Ticaret\",\"url\":\"https:\/\/ikraa-dis.com\/\",\"logo\":{\"@type\":\"ImageObject\",\"inLanguage\":\"ar\",\"@id\":\"https:\/\/ikraa-dis.com\/#\/schema\/logo\/image\/\",\"url\":\"https:\/\/ikraa-dis.com\/wp-content\/uploads\/2021\/12\/ikraa-logo-1.png\",\"contentUrl\":\"https:\/\/ikraa-dis.com\/wp-content\/uploads\/2021\/12\/ikraa-logo-1.png\",\"width\":2318,\"height\":3843,\"caption\":\"\u0130kraa D\u0131\u015f Ticaret\"},\"image\":{\"@id\":\"https:\/\/ikraa-dis.com\/#\/schema\/logo\/image\/\"},\"sameAs\":[\"https:\/\/www.instagram.com\/ikraa.dis\/\",\"https:\/\/www.facebook.com\/IKRAA-104393635460088\/\"]}]}<\/script>\n<!-- \/ Yoast SEO plugin. -->","yoast_head_json":{"title":"\u0130kraa D\u0131\u015f Ticaret","description":"Ticaret, \u00dcretim, \u0130thalat, \u0130hracat, Transit Ticaret, Dahilde \u0130\u015fleme gibi pek \u00e7ok faaliyetimiz bulunmaktad\u0131r.","robots":{"index":"index","follow":"follow","max-snippet":"max-snippet:-1","max-image-preview":"max-image-preview:large","max-video-preview":"max-video-preview:-1"},"canonical":"https:\/\/ikraa-dis.com\/ar\/suriye-ekmegi\/","og_locale":"ar_AR","og_type":"article","og_title":"\u0130kraa D\u0131\u015f Ticaret","og_description":"Ticaret, \u00dcretim, \u0130thalat, \u0130hracat, Transit Ticaret, Dahilde \u0130\u015fleme gibi pek \u00e7ok faaliyetimiz bulunmaktad\u0131r.","og_url":"https:\/\/ikraa-dis.com\/ar\/suriye-ekmegi\/","og_site_name":"\u0130kraa D\u0131\u015f Ticaret","article_publisher":"https:\/\/www.facebook.com\/IKRAA-104393635460088\/","article_modified_time":"2022-01-02T15:12:14+00:00","og_image":[{"width":2318,"height":3843,"url":"https:\/\/ikraa-dis.com\/wp-content\/uploads\/2021\/12\/ikraa-logo-1.png","type":"image\/png"}],"twitter_card":"summary_large_image","twitter_misc":{"\u0648\u0642\u062a \u0627\u0644\u0642\u0631\u0627\u0621\u0629 \u0627\u0644\u0645\u064f\u0642\u062f\u0651\u0631":"\u062f\u0642\u064a\u0642\u0629 \u0648\u0627\u062d\u062f\u0629"},"schema":{"@context":"https:\/\/schema.org","@graph":[{"@type":"WebPage","@id":"https:\/\/ikraa-dis.com\/suriye-ekmegi\/","url":"https:\/\/ikraa-dis.com\/suriye-ekmegi\/","name":"\u0130kraa D\u0131\u015f Ticaret","isPartOf":{"@id":"https:\/\/ikraa-dis.com\/#website"},"datePublished":"2021-12-30T14:05:15+00:00","dateModified":"2022-01-02T15:12:14+00:00","description":"Ticaret, \u00dcretim, \u0130thalat, \u0130hracat, Transit Ticaret, Dahilde \u0130\u015fleme gibi pek \u00e7ok faaliyetimiz bulunmaktad\u0131r.","breadcrumb":{"@id":"https:\/\/ikraa-dis.com\/suriye-ekmegi\/#breadcrumb"},"inLanguage":"ar","potentialAction":[{"@type":"ReadAction","target":["https:\/\/ikraa-dis.com\/suriye-ekmegi\/"]}]},{"@type":"BreadcrumbList","@id":"https:\/\/ikraa-dis.com\/suriye-ekmegi\/#breadcrumb","itemListElement":[{"@type":"ListItem","position":1,"name":"Home","item":"https:\/\/ikraa-dis.com\/"},{"@type":"ListItem","position":2,"name":"Suriye Ekme\u011fi"}]},{"@type":"WebSite","@id":"https:\/\/ikraa-dis.com\/#website","url":"https:\/\/ikraa-dis.com\/","name":"\u0130kraa D\u0131\u015f Ticaret","description":"","publisher":{"@id":"https:\/\/ikraa-dis.com\/#organization"},"potentialAction":[{"@type":"SearchAction","target":{"@type":"EntryPoint","urlTemplate":"https:\/\/ikraa-dis.com\/?s={search_term_string}"},"query-input":"required name=search_term_string"}],"inLanguage":"ar"},{"@type":"Organization","@id":"https:\/\/ikraa-dis.com\/#organization","name":"\u0130kraa D\u0131\u015f Ticaret","url":"https:\/\/ikraa-dis.com\/","logo":{"@type":"ImageObject","inLanguage":"ar","@id":"https:\/\/ikraa-dis.com\/#\/schema\/logo\/image\/","url":"https:\/\/ikraa-dis.com\/wp-content\/uploads\/2021\/12\/ikraa-logo-1.png","contentUrl":"https:\/\/ikraa-dis.com\/wp-content\/uploads\/2021\/12\/ikraa-logo-1.png","width":2318,"height":3843,"caption":"\u0130kraa D\u0131\u015f Ticaret"},"image":{"@id":"https:\/\/ikraa-dis.com\/#\/schema\/logo\/image\/"},"sameAs":["https:\/\/www.instagram.com\/ikraa.dis\/","https:\/\/www.facebook.com\/IKRAA-104393635460088\/"]}]}},"_links":{"self":[{"href":"https:\/\/ikraa-dis.com\/ar\/wp-json\/wp\/v2\/pages\/1309","targetHints":{"allow":["GET"]}}],"collection":[{"href":"https:\/\/ikraa-dis.com\/ar\/wp-json\/wp\/v2\/pages"}],"about":[{"href":"https:\/\/ikraa-dis.com\/ar\/wp-json\/wp\/v2\/types\/page"}],"author":[{"embeddable":true,"href":"https:\/\/ikraa-dis.com\/ar\/wp-json\/wp\/v2\/users\/1"}],"replies":[{"embeddable":true,"href":"https:\/\/ikraa-dis.com\/ar\/wp-json\/wp\/v2\/comments?post=1309"}],"version-history":[{"count":14,"href":"https:\/\/ikraa-dis.com\/ar\/wp-json\/wp\/v2\/pages\/1309\/revisions"}],"predecessor-version":[{"id":1607,"href":"https:\/\/ikraa-dis.com\/ar\/wp-json\/wp\/v2\/pages\/1309\/revisions\/1607"}],"wp:attachment":[{"href":"https:\/\/ikraa-dis.com\/ar\/wp-json\/wp\/v2\/media?parent=1309"}],"curies":[{"name":"wp","href":"https:\/\/api.w.org\/{rel}","templated":true}]}}